{"id":2,"date":"2020-02-24T19:52:10","date_gmt":"2020-02-24T18:52:10","guid":{"rendered":"http:\/\/solweigdebarry.com\/?page_id=2"},"modified":"2022-12-15T15:01:58","modified_gmt":"2022-12-15T14:01:58","slug":"home","status":"publish","type":"page","link":"https:\/\/solweigdebarry.com\/en\/","title":{"rendered":"Infos"},"content":{"rendered":"\n<p><\/p>\n\n\n\n<p>Dies ist eine Beispiel-Seite. Sie unterscheidet sich von Beitr\u00e4gen, da sie stets an derselben Stelle bleibt und (bei den meisten Themes) in der Website-Navigation angezeigt wird. Die meisten starten mit einem Impressum, der Datenschutzerkl\u00e4rung oder einer \u201e\u00dcber&nbsp;uns\u201c-Seite, um sich potenziellen Besuchern der Website vorzustellen. Dort k\u00f6nnte zum Beispiel stehen:<\/p>\n\n\n\n<blockquote class=\"wp-block-quote\"><p>Hallo! Tags\u00fcber arbeite ich als Fahrradkurier, nachts bin ich ein aufstrebender Schauspieler und dies hier ist meine Website. Ich lebe in Berlin, habe einen gro\u00dfen Hund namens Jack, mag Pi\u00f1a Coladas, jedoch weniger (ohne Schirm) im Regen stehen gelassen zu werden.<\/p><\/blockquote>\n\n\n\n<p>&#8230;oder so etwas wie das hier:<\/p>\n\n\n\n<blockquote class=\"wp-block-quote\"><p>Das Unternehmen XYZ wurde 1971 gegr\u00fcndet und versorgt die \u00d6ffentlichkeit seither mit qualitativ hochwertigen Produkten. An seinem Standort in einer kleinen Gro\u00dfstadt besch\u00e4ftigt der Betrieb \u00fcber 2.000 Menschen und unterst\u00fctzt die Stadtbewohner in vielfacher Hinsicht.<\/p><\/blockquote>\n\n\n\n<p>Als neuer WordPress-Benutzer solltest du <a href=\"https:\/\/solweigdebarry.com\/wp-admin\/\">dein Dashboard<\/a> aufrufen, um diese Seite zu l\u00f6schen und neue Seiten und Beitr\u00e4ge f\u00fcr deine Website erstellen. Viel Spa\u00df!<\/p>\n","protected":false},"excerpt":{"rendered":"<p>Dies ist eine Beispiel-Seite. Sie unterscheidet sich von Beitr\u00e4gen, da sie stets an derselben Stelle bleibt und (bei den meisten Themes) in der Website-Navigation angezeigt wird. Die meisten starten mit einem Impressum, der Datenschutzerkl\u00e4rung oder einer \u201e\u00dcber&nbsp;uns\u201c-Seite, um sich potenziellen Besuchern der Website vorzustellen. Dort k\u00f6nnte zum Beispiel stehen: Hallo! Tags\u00fcber arbeite ich als Fahrradkurier, [&hellip;]<\/p>\n","protected":false},"author":1,"featured_media":0,"parent":0,"menu_order":1,"comment_status":"closed","ping_status":"open","template":"","meta":[],"grid":"{\r\n  \"colCount\": 20,\r\n  \"colGutter\": 1,\r\n  \"rowGutters\": [\r\n    5,\r\n    14.9\r\n  ],\r\n  \"frameMargin\": 10,\r\n  \"topFrameMargin\": 130,\r\n  \"bottomFrameMargin\": 5,\r\n  \"rowAttrs\": [\r\n    {},\r\n    {},\r\n    {}\r\n  ],\r\n  \"bgColor\": null,\r\n  \"cont\": [\r\n    {\r\n      \"type\": \"text\",\r\n      \"cont\": \"<div style=\\\"text-align: center;\\\"><span><span style=\\\"font-size: 16px; font-family: Roboto-Regular;\\\"><strong><span style=\\\"font-size: 20px;\\\">ENTRE DEUX<\/span><br \/><\/strong><\/span><\/span><span style=\\\"font-size: 16px;\\\">\u00a0Solweig de Barry, Jean-Baptiste Defrance, Elias Errerd, <br \/><\/span><span style=\\\"font-size: 16px;\\\">Nathalie + Alexander Suvorov-Franz alias \u201cArrtist Duo\u201c, <br \/>Johannes Mundinger, Pio Rahner, Marion Sautter, David Sibieude, Haleh Zahedi<\/span><\/div>\\n<div style=\\\"text-align: center;\\\"><span style=\\\"font-size: 16px;\\\"><span class=\\\"HwtZe\\\" style=\\\"font-family: Roboto-Regular;\\\" lang=\\\"en\\\"><span class=\\\"jCAhz ChMk0b\\\"><span class=\\\"ryNqvb\\\">OPENING: <span class=\\\"HwtZe\\\" lang=\\\"en\\\">Friday November 25th<\/span>, 7 pm<\/span><\/span><\/span><\/span><\/div>\\n<div style=\\\"text-align: center;\\\"><span style=\\\"font-size: 16px;\\\">26 Nov 2022 - 2 Apr 2023<\/span><\/div>\\n<div style=\\\"text-align: center;\\\"><span style=\\\"font-size: 16px;\\\"><em><a href=\\\"https:\/\/www.galerie-offenburg.de\/staedtische-galerie-offenburg\/ausstellungen\/vorschau\/detail\/nachricht-seite\/id\/16638-entre-deux-zwischen-2\/?default=true\\\">St\u00e4dtische Galerie Offenburg<\/a><br \/>Kulturforum<br \/>Amand-Goegg-Str. 2 <br \/>77654 Offenburg<br \/><\/em><span style=\\\"font-family: Roboto-LightItalic;\\\"><span class=\\\"HwtZe\\\" lang=\\\"en\\\"><span class=\\\"jCAhz ChMk0b\\\"><span class=\\\"ryNqvb\\\">Opening hours<\/span><\/span><\/span>:<br \/><\/span><span style=\\\"font-family: Roboto-LightItalic;\\\"><span class=\\\"HwtZe\\\" lang=\\\"en\\\"><span class=\\\"jCAhz ChMk0b\\\"><span class=\\\"ryNqvb\\\">wed<\/span><\/span><\/span> \u2013 fr 2 \u2013 6 pm, <br \/>Sa\/So 11 am \u2013 5 pm <\/span><\/span><br \/><br \/><\/div>\",\r\n      \"align\": \"top\",\r\n      \"row\": 0,\r\n      \"col\": 0,\r\n      \"colspan\": 20,\r\n      \"offsetx\": 0,\r\n      \"offsety\": 0,\r\n      \"spaceabove\": 0,\r\n      \"spacebelow\": 0,\r\n      \"yvel\": 1,\r\n      \"push\": 0,\r\n      \"relid\": 1233\r\n    },\r\n    {\r\n      \"type\": \"img\",\r\n      \"cont\": \"\/wp-content\/uploads\/Invitation_F_Entre-Deux_Seite_1.jpg\",\r\n      \"align\": \"top\",\r\n      \"row\": 1,\r\n      \"col\": 5,\r\n      \"colspan\": 10,\r\n      \"offsetx\": 0,\r\n      \"offsety\": 0,\r\n      \"spaceabove\": 0,\r\n      \"spacebelow\": 0,\r\n      \"yvel\": 1,\r\n      \"push\": 5,\r\n      \"relid\": 391,\r\n      \"attid\": 348,\r\n      \"sizes\": {\r\n        \"full\": \"\/wp-content\/uploads\/Invitation_F_Entre-Deux_Seite_1.jpg\",\r\n        \"_1024\": \"\/wp-content\/uploads\/Invitation_F_Entre-Deux_Seite_1-1024x1453.jpg\",\r\n        \"_768\": \"\/wp-content\/uploads\/Invitation_F_Entre-Deux_Seite_1-768x1089.jpg\",\r\n        \"_512\": \"\/wp-content\/uploads\/Invitation_F_Entre-Deux_Seite_1-512x726.jpg\",\r\n        \"_265\": \"\/wp-content\/uploads\/Invitation_F_Entre-Deux_Seite_1-265x376.jpg\"\r\n      },\r\n      \"w\": 1166,\r\n      \"h\": 1654,\r\n      \"ar\": 1.41852487135506,\r\n      \"alt\": \"\",\r\n      \"frameOverflow\": \"\"\r\n    },\r\n    {\r\n      \"type\": \"text\",\r\n      \"cont\": \"<p style=\\\"text-align: center;\\\"><span style=\\\"font-size: 13px;\\\"><span style=\\\"font-family: Roboto-Regular; font-size: 15px;\\\"><span style=\\\"font-size: 20px;\\\">F\u00d6RDERPREIS JUNGE KUNST 2022<\/span><\/span><br \/><span style=\\\"font-size: 16px;\\\">der kommunalen Galerien Reinickendorf und des Kunstvereins Centre Bagatelle <\/span><br \/><span style=\\\"font-size: 16px;\\\">Kiwan Choi, Solweig de Barry, Felix Becker, Jane Garbert, Teresa Mayr, Nora Mesaros, Finja Sander, Anna Roberta Vattes, Dorothee Waldenmaier<\/span><br \/><\/span><\/p>\\n<p style=\\\"text-align: center;\\\"><span style=\\\"font-family: Roboto-Regular; font-size: 16px;\\\">OPENING: 01.09.2022\u00a0 18 UHR 30 <br \/><\/span><\/p>\\n<p style=\\\"text-align: center;\\\"><span style=\\\"font-size: 16px; font-family: Roboto-Medium;\\\"><span style=\\\"font-family: Roboto-Regular;\\\">02.09.2022 bis 19.01.2023<\/span> <\/span><\/p>\\n<p style=\\\"text-align: center;\\\"><span style=\\\"font-size: 16px;\\\"><span style=\\\"font-family: Roboto-Light;\\\">Rathaus-Galerie Reinickendorf<br \/>Eichborndamm 215, 13437 Berlin<br \/><\/span><span style=\\\"font-family: Roboto-Light;\\\">\u00d6ffnungszeiten: <br \/>Mo - Fr 9 - 18 Uhr<br \/><br \/><\/span><\/span><\/p>\",\r\n      \"align\": \"top\",\r\n      \"row\": 2,\r\n      \"col\": 0,\r\n      \"colspan\": 20,\r\n      \"offsetx\": 0,\r\n      \"offsety\": 0,\r\n      \"spaceabove\": 0,\r\n      \"spacebelow\": 0,\r\n      \"yvel\": 1,\r\n      \"push\": 0,\r\n      \"relid\": 4\r\n    }\r\n  ]\r\n}","phonegrid":"{\r\n  \"colCount\": 12,\r\n  \"colGutter\": 1,\r\n  \"rowGutters\": [\r\n    5,\r\n    \"15\"\r\n  ],\r\n  \"frameMargin\": 5,\r\n  \"leftFrameMargin\": 5,\r\n  \"rightFrameMargin\": 5,\r\n  \"topFrameMargin\": 5,\r\n  \"bottomFrameMargin\": 5,\r\n  \"rowAttrs\": [\r\n    {},\r\n    {},\r\n    {}\r\n  ],\r\n  \"bgColor\": null,\r\n  \"cont\": [\r\n    {\r\n      \"type\": \"text\",\r\n      \"cont\": \"<div style=\\\"text-align: center;\\\"><span><span style=\\\"font-size: 16px; font-family: Roboto-Regular;\\\"><strong><span style=\\\"font-size: 20px;\\\">ENTRE DEUX<\/span><br \/><\/strong><\/span><\/span><span style=\\\"font-size: 16px;\\\">\u00a0Solweig de Barry, Jean-Baptiste Defrance, Elias Errerd, <br \/><\/span><span style=\\\"font-size: 16px;\\\">Nathalie + Alexander Suvorov-Franz alias \u201cArrtist Duo\u201c, <br \/>Johannes Mundinger, Pio Rahner, Marion Sautter, David Sibieude, Haleh Zahedi<\/span><\/div>\\n<div style=\\\"text-align: center;\\\"><span style=\\\"font-size: 16px;\\\"><span class=\\\"HwtZe\\\" style=\\\"font-family: Roboto-Regular;\\\" lang=\\\"en\\\"><span class=\\\"jCAhz ChMk0b\\\"><span class=\\\"ryNqvb\\\">OPENING: <span class=\\\"HwtZe\\\" lang=\\\"en\\\">Friday November 25th<\/span>, 7 pm<\/span><\/span><\/span><\/span><\/div>\\n<div style=\\\"text-align: center;\\\"><span style=\\\"font-size: 16px;\\\">26 Nov 2022 - 2 Apr 2023<\/span><\/div>\\n<div style=\\\"text-align: center;\\\"><span style=\\\"font-size: 16px;\\\"><em><a href=\\\"https:\/\/www.galerie-offenburg.de\/staedtische-galerie-offenburg\/ausstellungen\/vorschau\/detail\/nachricht-seite\/id\/16638-entre-deux-zwischen-2\/?default=true\\\">St\u00e4dtische Galerie Offenburg<\/a><br \/>Kulturforum<br \/>Amand-Goegg-Str. 2 <br \/>77654 Offenburg<br \/><\/em><span style=\\\"font-family: Roboto-LightItalic;\\\"><span class=\\\"HwtZe\\\" lang=\\\"en\\\"><span class=\\\"jCAhz ChMk0b\\\"><span class=\\\"ryNqvb\\\">Opening hours<\/span><\/span><\/span>:<br \/><\/span><span style=\\\"font-family: Roboto-LightItalic;\\\"><span class=\\\"HwtZe\\\" lang=\\\"en\\\"><span class=\\\"jCAhz ChMk0b\\\"><span class=\\\"ryNqvb\\\">wed<\/span><\/span><\/span> \u2013 fr 2 \u2013 6 pm, <br \/>Sa\/So 11 am \u2013 5 pm <\/span><\/span><br \/><br \/><\/div>\",\r\n      \"align\": \"top\",\r\n      \"row\": 0,\r\n      \"col\": 0,\r\n      \"colspan\": 12,\r\n      \"offsetx\": 0,\r\n      \"offsety\": 0,\r\n      \"spaceabove\": 0,\r\n      \"spacebelow\": 0,\r\n      \"yvel\": 1,\r\n      \"push\": 0,\r\n      \"relid\": 1233\r\n    },\r\n    {\r\n      \"type\": \"img\",\r\n      \"cont\": \"\/wp-content\/uploads\/Invitation_F_Entre-Deux_Seite_1.jpg\",\r\n      \"align\": \"top\",\r\n      \"row\": 1,\r\n      \"col\": 0,\r\n      \"colspan\": 12,\r\n      \"offsetx\": 0,\r\n      \"offsety\": 0,\r\n      \"spaceabove\": 0,\r\n      \"spacebelow\": 0,\r\n      \"yvel\": 1,\r\n      \"push\": 0,\r\n      \"relid\": 392,\r\n      \"attid\": 348,\r\n      \"sizes\": {\r\n        \"full\": \"\/wp-content\/uploads\/Invitation_F_Entre-Deux_Seite_1.jpg\",\r\n        \"_1024\": \"\/wp-content\/uploads\/Invitation_F_Entre-Deux_Seite_1-1024x1453.jpg\",\r\n        \"_768\": \"\/wp-content\/uploads\/Invitation_F_Entre-Deux_Seite_1-768x1089.jpg\",\r\n        \"_512\": \"\/wp-content\/uploads\/Invitation_F_Entre-Deux_Seite_1-512x726.jpg\",\r\n        \"_265\": \"\/wp-content\/uploads\/Invitation_F_Entre-Deux_Seite_1-265x376.jpg\"\r\n      },\r\n      \"w\": 1166,\r\n      \"h\": 1654,\r\n      \"ar\": 1.41852487135506,\r\n      \"alt\": \"\"\r\n    },\r\n    {\r\n      \"type\": \"text\",\r\n      \"cont\": \"<p style=\\\"text-align: center;\\\"><span><span style=\\\"font-size: 20px; font-family: Roboto-Regular;\\\">F\u00d6RDERPREIS JUNGE KUNST 2022<\/span><br \/><span style=\\\"font-size: 12px;\\\">der kommunalen Galerien Reinickendorf und des Kunstvereins Centre Bagatelle <\/span><br \/><span style=\\\"font-size: 12px;\\\">Kiwan Choi, Solweig de Barry, Felix Becker, Jane Garbert, Teresa Mayr, Nora Mesaros, Finja Sander, Anna Roberta Vattes, Dorothee Waldenmaier<\/span><br \/><\/span><\/p>\\n<p style=\\\"text-align: center;\\\"><span style=\\\"font-family: Roboto-Regular; font-size: 12px;\\\">OPENING: 01.09.2022\u00a0 18 UHR 30 <br \/><\/span><\/p>\\n<p style=\\\"text-align: center;\\\"><span style=\\\"font-size: 12px; font-family: Roboto-Regular;\\\">02.09.2022 bis 19.01.2023 <\/span><\/p>\\n<p style=\\\"text-align: center;\\\"><span><span style=\\\"font-size: 12px;\\\">Rathaus-Galerie Reinickendorf<\/span><br \/><span style=\\\"font-size: 12px;\\\">Eichborndamm 215, 13437 Berlin<\/span><br \/><span style=\\\"font-size: 12px;\\\">\u00d6ffnungszeiten: <\/span><br \/><span style=\\\"font-size: 12px;\\\">Mo - Fr 9 - 18 Uh<\/span><br \/><br \/><\/span><\/p>\",\r\n      \"align\": \"top\",\r\n      \"row\": 2,\r\n      \"col\": 0,\r\n      \"colspan\": 12,\r\n      \"offsetx\": 0,\r\n      \"offsety\": 0,\r\n      \"spaceabove\": 0,\r\n      \"spacebelow\": 0,\r\n      \"yvel\": 1,\r\n      \"push\": 0,\r\n      \"relid\": 7,\r\n      \"frameOverflow\": \"\"\r\n    }\r\n  ]\r\n}","_links":{"self":[{"href":"https:\/\/solweigdebarry.com\/en\/wp-json\/wp\/v2\/pages\/2"}],"collection":[{"href":"https:\/\/solweigdebarry.com\/en\/wp-json\/wp\/v2\/pages"}],"about":[{"href":"https:\/\/solweigdebarry.com\/en\/wp-json\/wp\/v2\/types\/page"}],"author":[{"embeddable":true,"href":"https:\/\/solweigdebarry.com\/en\/wp-json\/wp\/v2\/users\/1"}],"replies":[{"embeddable":true,"href":"https:\/\/solweigdebarry.com\/en\/wp-json\/wp\/v2\/comments?post=2"}],"version-history":[{"count":0,"href":"https:\/\/solweigdebarry.com\/en\/wp-json\/wp\/v2\/pages\/2\/revisions"}],"wp:attachment":[{"href":"https:\/\/solweigdebarry.com\/en\/wp-json\/wp\/v2\/media?parent=2"}],"curies":[{"name":"wp","href":"https:\/\/api.w.org\/{rel}","templated":true}]}}